{"id":2738,"date":"2024-04-01T10:03:52","date_gmt":"2024-04-01T10:03:52","guid":{"rendered":"https:\/\/pinkstarnapoli.it\/?page_id=2738"},"modified":"2024-09-04T17:20:44","modified_gmt":"2024-09-04T15:20:44","slug":"come-raggiungerci","status":"publish","type":"page","link":"https:\/\/pinkstarnapoli.it\/en\/come-raggiungerci\/","title":{"rendered":"How to reach us"},"content":{"rendered":"<div data-elementor-type=\"wp-page\" data-elementor-id=\"2738\" class=\"elementor elementor-2738\">\n\t\t\t\t\t\t<section class=\"elementor-section elementor-top-section elementor-element elementor-element-706d9107 elementor-section-height-min-height cs-section-content-fullwidth cs-parallax-on-scroll cs_scroll_y_80 elementor-section-boxed elementor-section-height-default elementor-section-items-middle\" data-id=\"706d9107\" data-element_type=\"section\" data-e-type=\"section\" data-settings=\"{&quot;background_background&quot;:&quot;classic&quot;}\" data-cs-parallax-y=\"80\" style=\"background-image: none;\" data-cs-background-image=\"https:\/\/pinkstarnapoli.it\/wp-content\/uploads\/2024\/04\/italy-naples-international-airpot-capodichino-airplane-landing-flight-control-lights-scaled.jpg\">\n\t\t\t\t\t\t\t<div class=\"elementor-background-overlay\"><\/div>\n\t\t\t\t\t\t\t<div class=\"elementor-container elementor-column-gap-no\">\n\t\t\t\t\t<div class=\"elementor-column elementor-col-100 elementor-top-column elementor-element elementor-element-3f178416 dark-color\" data-id=\"3f178416\" data-element_type=\"column\" data-e-type=\"column\">\n\t\t\t<div class=\"elementor-widget-wrap elementor-element-populated\">\n\t\t\t\t\t\t<div class=\"elementor-element elementor-element-441bade6 elementor-absolute e-transform elementor-widget elementor-widget-cs_title\" data-id=\"441bade6\" data-element_type=\"widget\" data-e-type=\"widget\" data-settings=\"{&quot;_position&quot;:&quot;absolute&quot;,&quot;_transform_translateY_effect&quot;:{&quot;unit&quot;:&quot;%&quot;,&quot;size&quot;:-50,&quot;sizes&quot;:[]},&quot;_transform_translateY_effect_tablet&quot;:{&quot;unit&quot;:&quot;%&quot;,&quot;size&quot;:-50,&quot;sizes&quot;:[]},&quot;_transform_translateY_effect_mobile&quot;:{&quot;unit&quot;:&quot;%&quot;,&quot;size&quot;:&quot;&quot;,&quot;sizes&quot;:[]},&quot;_transform_translateX_effect&quot;:{&quot;unit&quot;:&quot;px&quot;,&quot;size&quot;:&quot;&quot;,&quot;sizes&quot;:[]},&quot;_transform_translateX_effect_tablet&quot;:{&quot;unit&quot;:&quot;px&quot;,&quot;size&quot;:&quot;&quot;,&quot;sizes&quot;:[]},&quot;_transform_translateX_effect_mobile&quot;:{&quot;unit&quot;:&quot;px&quot;,&quot;size&quot;:&quot;&quot;,&quot;sizes&quot;:[]}}\" data-widget_type=\"cs_title.default\">\n\t\t\t\t<div class=\"elementor-widget-container\">\n\t\t\t\t\t\n        <div class=\"cs-title-wrap text-center\">\t            <h2 class=\"cs-title\">\n\t                How to reach us\t            <\/h2>        <\/div>\t\t\t\t<\/div>\n\t\t\t\t<\/div>\n\t\t\t\t\t<\/div>\n\t\t<\/div>\n\t\t\t\t\t<\/div>\n\t\t<\/section>\n\t\t\t\t<section class=\"elementor-section elementor-top-section elementor-element elementor-element-26e4e63d elementor-section-boxed elementor-section-height-default elementor-section-height-default\" data-id=\"26e4e63d\" data-element_type=\"section\" data-e-type=\"section\">\n\t\t\t\t\t\t<div class=\"elementor-container elementor-column-gap-no\">\n\t\t\t\t\t<div class=\"elementor-column elementor-col-100 elementor-top-column elementor-element elementor-element-72a995e0\" data-id=\"72a995e0\" data-element_type=\"column\" data-e-type=\"column\">\n\t\t\t<div class=\"elementor-widget-wrap elementor-element-populated\">\n\t\t\t\t\t\t<div class=\"elementor-element elementor-element-629d3796 elementor-widget__width-initial elementor-widget elementor-widget-text-editor\" data-id=\"629d3796\" data-element_type=\"widget\" data-e-type=\"widget\" data-widget_type=\"text-editor.default\">\n\t\t\t\t<div class=\"elementor-widget-container\">\n\t\t\t\t\t\t\t\t\t<h2><strong>How to reach us <\/strong><\/h2>\n<p><strong>From Naples Central Station:<\/strong><\/p>\n<p>Take metro Line 2 towards Pozzuoli - Campi Flegrei and get off at the Amedeo stop. From there, Pink Star Napoli Luxury Apartment can be reached on foot.&nbsp;<span style=\"font-size: inherit; color: var(--content-color); background-color: var(--bg-color); font-family: var(--body-font);\">Alternatively you can use the taxi service.<\/span><\/p>\n<p><strong>From Naples Capodichino Airport:<\/strong><\/p>\n<p>The airport is connected to Naples Central Station with the Alibus line. From there, take metro Line 2 towards Pozzuoli-Campi Flegrei and get off at the Amedeo stop. Once you reach the square it will be possible to continue on foot for a few meters towards Via Martucci.&nbsp;<span style=\"color: var(--content-color); font-size: var(--post-text-size); background-color: var(--bg-color); font-family: var(--body-font);\">Alternatively you can use the taxi service.<\/span><\/p>\n<p><strong>From the Port of Naples:<\/strong><\/p>\n<p>Take metro Line 1 towards Piscinola, change at Museo, take metro Line 2 towards Pozzuoli-Campi Flegrei and finally get off at the Amedeo stop. Once you reach the square it will be possible to continue on foot for a few meters towards Via Martucci.&nbsp;<span style=\"color: var(--content-color); font-size: var(--post-text-size); background-color: var(--bg-color); font-family: var(--body-font);\">Alternatively you can use the taxi service.<\/span><\/p>\n<p><span style=\"font-weight: bolder;\">Transfer Service:<\/span><span style=\"color: var(--content-color); font-size: var(--post-text-size); background-color: var(--bg-color); font-family: var(--body-font);\"><br><\/span><\/p>\n<p>Upon request it is possible to book a transfer service.<\/p>\t\t\t\t\t\t\t\t<\/div>\n\t\t\t\t<\/div>\n\t\t\t\t\t<\/div>\n\t\t<\/div>\n\t\t\t\t\t<\/div>\n\t\t<\/section>\n\t\t\t\t<\/div>","protected":false},"excerpt":{"rendered":"<p>Come raggiungerci Come raggiungerci Dalla Stazione Centrale di Napoli: Prendere la metro Linea 2 in direzione Pozzuoli &#8211; Campi Flegrei e scendere&nbsp; alla fermata Amedeo. Da l\u00ec, Pink Star Napoli Luxury Apartment \u00e8 raggiungibile a piedi.&nbsp;In alternativa \u00e8 possibile utilizzare il servizio taxi. Dall&#8217;Aeroporto di Napoli Capodichino: L&#8217;aeroporto \u00e8 collegato alla Stazione Centrale di Napoli &#8230;<\/p>","protected":false},"author":1,"featured_media":0,"parent":0,"menu_order":0,"comment_status":"closed","ping_status":"closed","template":"template-wide-content.php","meta":{"cozystay_single_page_hide_site_header":"","cozystay_single_page_site_header_source":"","cozystay_single_page_custom_site_header":"0","cozystay_single_page_custom_sticky_site_header":"0","cozystay_single_page_hide_page_title":"on","cozystay_single_page_header_section_size":"","cozystay_single_page_header_background_color":"","cozystay_single_page_header_background_position_x":"center","cozystay_single_page_header_background_position_y":"center","cozystay_single_page_header_background_size":"cover","cozystay_single_page_header_background_repeat":"off","cozystay_single_page_header_background_scroll":"on","cozystay_single_page_header_text_color":"","cozystay_single_page_header_show_breadcrumb":"","cozystay_single_page_site_footer_hide_main":"","cozystay_single_custom_site_footer_main_source":"","cozystay_single_custom_site_footer_main":"0","cozystay_single_page_site_footer_hide_above":"","cozystay_single_custom_site_footer_above_source":"","cozystay_single_custom_site_footer_above":"0","cozystay_single_page_site_footer_hide_instagram":"","cozystay_single_page_site_footer_hide_bottom":"","cozystay_single_custom_mobile_menu_source":"","cozystay_single_custom_mobile_menu":"0","cozystay_single_custom_mobile_menu_animation":"","cozystay_single_custom_mobile_menu_width":"","cozystay_single_custom_mobile_menu_custom_width":375,"footnotes":""},"class_list":["post-2738","page","type-page","status-publish","hentry"],"yoast_head":"<!-- This site is optimized with the Yoast SEO plugin v27.5 - https:\/\/yoast.com\/product\/yoast-seo-wordpress\/ -->\n<title>Come raggiungerci - Pink Star<\/title>\n<meta name=\"robots\" content=\"index, follow, max-snippet:-1, max-image-preview:large, max-video-preview:-1\" \/>\n<link rel=\"canonical\" href=\"https:\/\/pinkstarnapoli.it\/en\/come-raggiungerci\/\" \/>\n<meta property=\"og:locale\" content=\"en_US\" \/>\n<meta property=\"og:type\" content=\"article\" \/>\n<meta property=\"og:title\" content=\"Come raggiungerci - Pink Star\" \/>\n<meta property=\"og:description\" content=\"Come raggiungerci Come raggiungerci Dalla Stazione Centrale di Napoli: Prendere la metro Linea 2 in direzione Pozzuoli &#8211; Campi Flegrei e scendere&nbsp; alla fermata Amedeo. Da l\u00ec, Pink Star Napoli Luxury Apartment \u00e8 raggiungibile a piedi.&nbsp;In alternativa \u00e8 possibile utilizzare il servizio taxi. Dall&#8217;Aeroporto di Napoli Capodichino: L&#8217;aeroporto \u00e8 collegato alla Stazione Centrale di Napoli ...\" \/>\n<meta property=\"og:url\" content=\"https:\/\/pinkstarnapoli.it\/en\/come-raggiungerci\/\" \/>\n<meta property=\"og:site_name\" content=\"Pink Star\" \/>\n<meta property=\"article:modified_time\" content=\"2024-09-04T15:20:44+00:00\" \/>\n<meta property=\"og:image\" content=\"https:\/\/pinkstarnapoli.it\/wp-content\/uploads\/2024\/03\/Pink-Star-03952.jpg\" \/>\n\t<meta property=\"og:image:width\" content=\"1200\" \/>\n\t<meta property=\"og:image:height\" content=\"800\" \/>\n\t<meta property=\"og:image:type\" content=\"image\/jpeg\" \/>\n<meta name=\"twitter:card\" content=\"summary_large_image\" \/>\n<meta name=\"twitter:label1\" content=\"Est. reading time\" \/>\n\t<meta name=\"twitter:data1\" content=\"1 minute\" \/>\n<script type=\"application\/ld+json\" class=\"yoast-schema-graph\">{\"@context\":\"https:\\\/\\\/schema.org\",\"@graph\":[{\"@type\":\"WebPage\",\"@id\":\"https:\\\/\\\/pinkstarnapoli.it\\\/come-raggiungerci\\\/\",\"url\":\"https:\\\/\\\/pinkstarnapoli.it\\\/come-raggiungerci\\\/\",\"name\":\"Come raggiungerci - Pink Star\",\"isPartOf\":{\"@id\":\"https:\\\/\\\/pinkstarnapoli.it\\\/#website\"},\"datePublished\":\"2024-04-01T10:03:52+00:00\",\"dateModified\":\"2024-09-04T15:20:44+00:00\",\"breadcrumb\":{\"@id\":\"https:\\\/\\\/pinkstarnapoli.it\\\/come-raggiungerci\\\/#breadcrumb\"},\"inLanguage\":\"en-US\",\"potentialAction\":[{\"@type\":\"ReadAction\",\"target\":[\"https:\\\/\\\/pinkstarnapoli.it\\\/come-raggiungerci\\\/\"]}]},{\"@type\":\"BreadcrumbList\",\"@id\":\"https:\\\/\\\/pinkstarnapoli.it\\\/come-raggiungerci\\\/#breadcrumb\",\"itemListElement\":[{\"@type\":\"ListItem\",\"position\":1,\"name\":\"Home\",\"item\":\"https:\\\/\\\/pinkstarnapoli.it\\\/\"},{\"@type\":\"ListItem\",\"position\":2,\"name\":\"Come raggiungerci\"}]},{\"@type\":\"WebSite\",\"@id\":\"https:\\\/\\\/pinkstarnapoli.it\\\/#website\",\"url\":\"https:\\\/\\\/pinkstarnapoli.it\\\/\",\"name\":\"Pink Star\",\"description\":\"Pink Star Luxury Apartment Napoli Chiaia\",\"publisher\":{\"@id\":\"https:\\\/\\\/pinkstarnapoli.it\\\/#organization\"},\"potentialAction\":[{\"@type\":\"SearchAction\",\"target\":{\"@type\":\"EntryPoint\",\"urlTemplate\":\"https:\\\/\\\/pinkstarnapoli.it\\\/?s={search_term_string}\"},\"query-input\":{\"@type\":\"PropertyValueSpecification\",\"valueRequired\":true,\"valueName\":\"search_term_string\"}}],\"inLanguage\":\"en-US\"},{\"@type\":\"Organization\",\"@id\":\"https:\\\/\\\/pinkstarnapoli.it\\\/#organization\",\"name\":\"Pink Star\",\"url\":\"https:\\\/\\\/pinkstarnapoli.it\\\/\",\"logo\":{\"@type\":\"ImageObject\",\"inLanguage\":\"en-US\",\"@id\":\"https:\\\/\\\/pinkstarnapoli.it\\\/#\\\/schema\\\/logo\\\/image\\\/\",\"url\":\"https:\\\/\\\/pinkstarnapoli.it\\\/wp-content\\\/uploads\\\/2023\\\/04\\\/logo-3.png\",\"contentUrl\":\"https:\\\/\\\/pinkstarnapoli.it\\\/wp-content\\\/uploads\\\/2023\\\/04\\\/logo-3.png\",\"width\":457,\"height\":91,\"caption\":\"Pink Star\"},\"image\":{\"@id\":\"https:\\\/\\\/pinkstarnapoli.it\\\/#\\\/schema\\\/logo\\\/image\\\/\"}}]}<\/script>\n<!-- \/ Yoast SEO plugin. -->","yoast_head_json":{"title":"Come raggiungerci - Pink Star","robots":{"index":"index","follow":"follow","max-snippet":"max-snippet:-1","max-image-preview":"max-image-preview:large","max-video-preview":"max-video-preview:-1"},"canonical":"https:\/\/pinkstarnapoli.it\/en\/come-raggiungerci\/","og_locale":"en_US","og_type":"article","og_title":"Come raggiungerci - Pink Star","og_description":"Come raggiungerci Come raggiungerci Dalla Stazione Centrale di Napoli: Prendere la metro Linea 2 in direzione Pozzuoli &#8211; Campi Flegrei e scendere&nbsp; alla fermata Amedeo. Da l\u00ec, Pink Star Napoli Luxury Apartment \u00e8 raggiungibile a piedi.&nbsp;In alternativa \u00e8 possibile utilizzare il servizio taxi. Dall&#8217;Aeroporto di Napoli Capodichino: L&#8217;aeroporto \u00e8 collegato alla Stazione Centrale di Napoli ...","og_url":"https:\/\/pinkstarnapoli.it\/en\/come-raggiungerci\/","og_site_name":"Pink Star","article_modified_time":"2024-09-04T15:20:44+00:00","og_image":[{"width":1200,"height":800,"url":"https:\/\/pinkstarnapoli.it\/wp-content\/uploads\/2024\/03\/Pink-Star-03952.jpg","type":"image\/jpeg"}],"twitter_card":"summary_large_image","twitter_misc":{"Est. reading time":"1 minute"},"schema":{"@context":"https:\/\/schema.org","@graph":[{"@type":"WebPage","@id":"https:\/\/pinkstarnapoli.it\/come-raggiungerci\/","url":"https:\/\/pinkstarnapoli.it\/come-raggiungerci\/","name":"Come raggiungerci - Pink Star","isPartOf":{"@id":"https:\/\/pinkstarnapoli.it\/#website"},"datePublished":"2024-04-01T10:03:52+00:00","dateModified":"2024-09-04T15:20:44+00:00","breadcrumb":{"@id":"https:\/\/pinkstarnapoli.it\/come-raggiungerci\/#breadcrumb"},"inLanguage":"en-US","potentialAction":[{"@type":"ReadAction","target":["https:\/\/pinkstarnapoli.it\/come-raggiungerci\/"]}]},{"@type":"BreadcrumbList","@id":"https:\/\/pinkstarnapoli.it\/come-raggiungerci\/#breadcrumb","itemListElement":[{"@type":"ListItem","position":1,"name":"Home","item":"https:\/\/pinkstarnapoli.it\/"},{"@type":"ListItem","position":2,"name":"Come raggiungerci"}]},{"@type":"WebSite","@id":"https:\/\/pinkstarnapoli.it\/#website","url":"https:\/\/pinkstarnapoli.it\/","name":"Pink Star","description":"Pink Star Luxury Apartment Napoli Chiaia","publisher":{"@id":"https:\/\/pinkstarnapoli.it\/#organization"},"potentialAction":[{"@type":"SearchAction","target":{"@type":"EntryPoint","urlTemplate":"https:\/\/pinkstarnapoli.it\/?s={search_term_string}"},"query-input":{"@type":"PropertyValueSpecification","valueRequired":true,"valueName":"search_term_string"}}],"inLanguage":"en-US"},{"@type":"Organization","@id":"https:\/\/pinkstarnapoli.it\/#organization","name":"Pink Star","url":"https:\/\/pinkstarnapoli.it\/","logo":{"@type":"ImageObject","inLanguage":"en-US","@id":"https:\/\/pinkstarnapoli.it\/#\/schema\/logo\/image\/","url":"https:\/\/pinkstarnapoli.it\/wp-content\/uploads\/2023\/04\/logo-3.png","contentUrl":"https:\/\/pinkstarnapoli.it\/wp-content\/uploads\/2023\/04\/logo-3.png","width":457,"height":91,"caption":"Pink Star"},"image":{"@id":"https:\/\/pinkstarnapoli.it\/#\/schema\/logo\/image\/"}}]}},"_links":{"self":[{"href":"https:\/\/pinkstarnapoli.it\/en\/wp-json\/wp\/v2\/pages\/2738","targetHints":{"allow":["GET"]}}],"collection":[{"href":"https:\/\/pinkstarnapoli.it\/en\/wp-json\/wp\/v2\/pages"}],"about":[{"href":"https:\/\/pinkstarnapoli.it\/en\/wp-json\/wp\/v2\/types\/page"}],"author":[{"embeddable":true,"href":"https:\/\/pinkstarnapoli.it\/en\/wp-json\/wp\/v2\/users\/1"}],"replies":[{"embeddable":true,"href":"https:\/\/pinkstarnapoli.it\/en\/wp-json\/wp\/v2\/comments?post=2738"}],"version-history":[{"count":36,"href":"https:\/\/pinkstarnapoli.it\/en\/wp-json\/wp\/v2\/pages\/2738\/revisions"}],"predecessor-version":[{"id":3903,"href":"https:\/\/pinkstarnapoli.it\/en\/wp-json\/wp\/v2\/pages\/2738\/revisions\/3903"}],"wp:attachment":[{"href":"https:\/\/pinkstarnapoli.it\/en\/wp-json\/wp\/v2\/media?parent=2738"}],"curies":[{"name":"wp","href":"https:\/\/api.w.org\/{rel}","templated":true}]}}