{"id":2745,"date":"2024-04-01T10:06:05","date_gmt":"2024-04-01T10:06:05","guid":{"rendered":"https:\/\/pinkstarnapoli.it\/?page_id=2745"},"modified":"2026-04-09T16:48:25","modified_gmt":"2026-04-09T14:48:25","slug":"perche-pink-star","status":"publish","type":"page","link":"https:\/\/pinkstarnapoli.it\/en\/perche-pink-star\/","title":{"rendered":"Why Pink Star"},"content":{"rendered":"<div data-elementor-type=\"wp-page\" data-elementor-id=\"2745\" class=\"elementor elementor-2745\">\n\t\t\t\t\t\t<section class=\"elementor-section elementor-top-section elementor-element elementor-element-363d247b elementor-section-height-min-height cs-section-content-fullwidth cs-parallax-on-scroll cs_scroll_y_80 elementor-section-boxed elementor-section-height-default elementor-section-items-middle\" data-id=\"363d247b\" data-element_type=\"section\" data-e-type=\"section\" data-settings=\"{&quot;background_background&quot;:&quot;classic&quot;}\" data-cs-parallax-y=\"80\" style=\"background-image: none;\" data-cs-background-image=\"https:\/\/pinkstarnapoli.it\/wp-content\/uploads\/2024\/04\/casa-vacanza-napoli.jpg\">\n\t\t\t\t\t\t\t<div class=\"elementor-background-overlay\"><\/div>\n\t\t\t\t\t\t\t<div class=\"elementor-container elementor-column-gap-no\">\n\t\t\t\t\t<div class=\"elementor-column elementor-col-100 elementor-top-column elementor-element elementor-element-6e74832d dark-color\" data-id=\"6e74832d\" data-element_type=\"column\" data-e-type=\"column\">\n\t\t\t<div class=\"elementor-widget-wrap elementor-element-populated\">\n\t\t\t\t\t\t<div class=\"elementor-element elementor-element-1c1b4e7c elementor-absolute e-transform elementor-widget elementor-widget-cs_title\" data-id=\"1c1b4e7c\" data-element_type=\"widget\" data-e-type=\"widget\" data-settings=\"{&quot;_position&quot;:&quot;absolute&quot;,&quot;_transform_translateY_effect&quot;:{&quot;unit&quot;:&quot;%&quot;,&quot;size&quot;:-50,&quot;sizes&quot;:[]},&quot;_transform_translateY_effect_tablet&quot;:{&quot;unit&quot;:&quot;%&quot;,&quot;size&quot;:-50,&quot;sizes&quot;:[]},&quot;_transform_translateY_effect_mobile&quot;:{&quot;unit&quot;:&quot;%&quot;,&quot;size&quot;:&quot;&quot;,&quot;sizes&quot;:[]},&quot;_transform_translateX_effect&quot;:{&quot;unit&quot;:&quot;px&quot;,&quot;size&quot;:&quot;&quot;,&quot;sizes&quot;:[]},&quot;_transform_translateX_effect_tablet&quot;:{&quot;unit&quot;:&quot;px&quot;,&quot;size&quot;:&quot;&quot;,&quot;sizes&quot;:[]},&quot;_transform_translateX_effect_mobile&quot;:{&quot;unit&quot;:&quot;px&quot;,&quot;size&quot;:&quot;&quot;,&quot;sizes&quot;:[]}}\" data-widget_type=\"cs_title.default\">\n\t\t\t\t<div class=\"elementor-widget-container\">\n\t\t\t\t\t\n        <div class=\"cs-title-wrap text-center\">\t            <h1 class=\"cs-title\">\n\t                Why Pink Star\t            <\/h1>        <\/div>\t\t\t\t<\/div>\n\t\t\t\t<\/div>\n\t\t\t\t\t<\/div>\n\t\t<\/div>\n\t\t\t\t\t<\/div>\n\t\t<\/section>\n\t\t\t\t<section class=\"elementor-section elementor-top-section elementor-element elementor-element-34073e39 elementor-section-boxed elementor-section-height-default elementor-section-height-default\" data-id=\"34073e39\" data-element_type=\"section\" data-e-type=\"section\">\n\t\t\t\t\t\t<div class=\"elementor-container elementor-column-gap-no\">\n\t\t\t\t\t<div class=\"elementor-column elementor-col-100 elementor-top-column elementor-element elementor-element-6ebf0b88\" data-id=\"6ebf0b88\" data-element_type=\"column\" data-e-type=\"column\">\n\t\t\t<div class=\"elementor-widget-wrap elementor-element-populated\">\n\t\t\t\t\t\t<div class=\"elementor-element elementor-element-7d23e99 elementor-widget__width-initial elementor-widget elementor-widget-text-editor\" data-id=\"7d23e99\" data-element_type=\"widget\" data-e-type=\"widget\" data-widget_type=\"text-editor.default\">\n\t\t\t\t<div class=\"elementor-widget-container\">\n\t\t\t\t\t\t\t\t\t<p class=\"translation-block\"><strong>Pink Star<\/strong> is an intense pink diamond, one of the largest and most precious ever discovered. It was mined in Africa in 1999 and weighs over 59 carats. Its incredible intensity of pink color makes it an extremely rare and desirable diamond. Among the distinctive characteristics of Pink Star are its purity, its transparency, its rarity and exclusivity.<\/p><p class=\"translation-block\">Similarly our holiday apartment offers an equally rare and exclusive experience, an oasis of luxury in the heart of Naples. Like the lively and intense color of the Pink Star, we wanted to highlight the elegance and distinctive beauty of the apartment characterized by refined interiors, high comfort designed to offer a unique experience to our guests.<br>\nWe hope that, like the Pink Star diamond, our apartment can leave an indelible mark in the hearts of our guests, a memorable and unforgettable experience of Naples.<\/p>\t\t\t\t\t\t\t\t<\/div>\n\t\t\t\t<\/div>\n\t\t\t\t\t<\/div>\n\t\t<\/div>\n\t\t\t\t\t<\/div>\n\t\t<\/section>\n\t\t\t\t<\/div>","protected":false},"excerpt":{"rendered":"<p>Perch\u00e9 Pink Star Pink Star \u00e8 un diamante rosa intenso, uno dei pi\u00f9 grandi e preziosi mai scoperti. \u00c8 stato estratto da una miniera in Africa nel 1999 e ha un peso di oltre 59 carati. La sua incredibile intensit\u00e0 di colore rosa lo rende un diamante estremamente raro e desiderabile. Tra le caratteristiche distintive &#8230;<\/p>","protected":false},"author":1,"featured_media":0,"parent":0,"menu_order":0,"comment_status":"closed","ping_status":"closed","template":"template-wide-content.php","meta":{"cozystay_single_page_hide_site_header":"","cozystay_single_page_site_header_source":"","cozystay_single_page_custom_site_header":"0","cozystay_single_page_custom_sticky_site_header":"0","cozystay_single_page_hide_page_title":"on","cozystay_single_page_header_section_size":"","cozystay_single_page_header_background_color":"","cozystay_single_page_header_background_position_x":"center","cozystay_single_page_header_background_position_y":"center","cozystay_single_page_header_background_size":"cover","cozystay_single_page_header_background_repeat":"off","cozystay_single_page_header_background_scroll":"on","cozystay_single_page_header_text_color":"","cozystay_single_page_header_show_breadcrumb":"","cozystay_single_page_site_footer_hide_main":"","cozystay_single_custom_site_footer_main_source":"","cozystay_single_custom_site_footer_main":"0","cozystay_single_page_site_footer_hide_above":"","cozystay_single_custom_site_footer_above_source":"","cozystay_single_custom_site_footer_above":"0","cozystay_single_page_site_footer_hide_instagram":"","cozystay_single_page_site_footer_hide_bottom":"","cozystay_single_custom_mobile_menu_source":"","cozystay_single_custom_mobile_menu":"0","cozystay_single_custom_mobile_menu_animation":"","cozystay_single_custom_mobile_menu_width":"","cozystay_single_custom_mobile_menu_custom_width":375,"footnotes":""},"class_list":["post-2745","page","type-page","status-publish","hentry"],"yoast_head":"<!-- This site is optimized with the Yoast SEO plugin v27.5 - https:\/\/yoast.com\/product\/yoast-seo-wordpress\/ -->\n<title>Perch\u00e9 Pink Star - Pink Star<\/title>\n<meta name=\"robots\" content=\"index, follow, max-snippet:-1, max-image-preview:large, max-video-preview:-1\" \/>\n<link rel=\"canonical\" href=\"https:\/\/pinkstarnapoli.it\/en\/perche-pink-star\/\" \/>\n<meta property=\"og:locale\" content=\"en_US\" \/>\n<meta property=\"og:type\" content=\"article\" \/>\n<meta property=\"og:title\" content=\"Perch\u00e9 Pink Star - Pink Star\" \/>\n<meta property=\"og:description\" content=\"Perch\u00e9 Pink Star Pink Star \u00e8 un diamante rosa intenso, uno dei pi\u00f9 grandi e preziosi mai scoperti. \u00c8 stato estratto da una miniera in Africa nel 1999 e ha un peso di oltre 59 carati. La sua incredibile intensit\u00e0 di colore rosa lo rende un diamante estremamente raro e desiderabile. Tra le caratteristiche distintive ...\" \/>\n<meta property=\"og:url\" content=\"https:\/\/pinkstarnapoli.it\/en\/perche-pink-star\/\" \/>\n<meta property=\"og:site_name\" content=\"Pink Star\" \/>\n<meta property=\"article:modified_time\" content=\"2026-04-09T14:48:25+00:00\" \/>\n<meta property=\"og:image\" content=\"https:\/\/pinkstarnapoli.it\/wp-content\/uploads\/2024\/03\/Pink-Star-03952.jpg\" \/>\n\t<meta property=\"og:image:width\" content=\"1200\" \/>\n\t<meta property=\"og:image:height\" content=\"800\" \/>\n\t<meta property=\"og:image:type\" content=\"image\/jpeg\" \/>\n<meta name=\"twitter:card\" content=\"summary_large_image\" \/>\n<meta name=\"twitter:label1\" content=\"Est. reading time\" \/>\n\t<meta name=\"twitter:data1\" content=\"1 minute\" \/>\n<script type=\"application\/ld+json\" class=\"yoast-schema-graph\">{\"@context\":\"https:\\\/\\\/schema.org\",\"@graph\":[{\"@type\":\"WebPage\",\"@id\":\"https:\\\/\\\/pinkstarnapoli.it\\\/perche-pink-star\\\/\",\"url\":\"https:\\\/\\\/pinkstarnapoli.it\\\/perche-pink-star\\\/\",\"name\":\"Perch\u00e9 Pink Star - Pink Star\",\"isPartOf\":{\"@id\":\"https:\\\/\\\/pinkstarnapoli.it\\\/#website\"},\"datePublished\":\"2024-04-01T10:06:05+00:00\",\"dateModified\":\"2026-04-09T14:48:25+00:00\",\"breadcrumb\":{\"@id\":\"https:\\\/\\\/pinkstarnapoli.it\\\/perche-pink-star\\\/#breadcrumb\"},\"inLanguage\":\"en-US\",\"potentialAction\":[{\"@type\":\"ReadAction\",\"target\":[\"https:\\\/\\\/pinkstarnapoli.it\\\/perche-pink-star\\\/\"]}]},{\"@type\":\"BreadcrumbList\",\"@id\":\"https:\\\/\\\/pinkstarnapoli.it\\\/perche-pink-star\\\/#breadcrumb\",\"itemListElement\":[{\"@type\":\"ListItem\",\"position\":1,\"name\":\"Home\",\"item\":\"https:\\\/\\\/pinkstarnapoli.it\\\/\"},{\"@type\":\"ListItem\",\"position\":2,\"name\":\"Perch\u00e9 Pink Star\"}]},{\"@type\":\"WebSite\",\"@id\":\"https:\\\/\\\/pinkstarnapoli.it\\\/#website\",\"url\":\"https:\\\/\\\/pinkstarnapoli.it\\\/\",\"name\":\"Pink Star\",\"description\":\"Pink Star Luxury Apartment Napoli Chiaia\",\"publisher\":{\"@id\":\"https:\\\/\\\/pinkstarnapoli.it\\\/#organization\"},\"potentialAction\":[{\"@type\":\"SearchAction\",\"target\":{\"@type\":\"EntryPoint\",\"urlTemplate\":\"https:\\\/\\\/pinkstarnapoli.it\\\/?s={search_term_string}\"},\"query-input\":{\"@type\":\"PropertyValueSpecification\",\"valueRequired\":true,\"valueName\":\"search_term_string\"}}],\"inLanguage\":\"en-US\"},{\"@type\":\"Organization\",\"@id\":\"https:\\\/\\\/pinkstarnapoli.it\\\/#organization\",\"name\":\"Pink Star\",\"url\":\"https:\\\/\\\/pinkstarnapoli.it\\\/\",\"logo\":{\"@type\":\"ImageObject\",\"inLanguage\":\"en-US\",\"@id\":\"https:\\\/\\\/pinkstarnapoli.it\\\/#\\\/schema\\\/logo\\\/image\\\/\",\"url\":\"https:\\\/\\\/pinkstarnapoli.it\\\/wp-content\\\/uploads\\\/2023\\\/04\\\/logo-3.png\",\"contentUrl\":\"https:\\\/\\\/pinkstarnapoli.it\\\/wp-content\\\/uploads\\\/2023\\\/04\\\/logo-3.png\",\"width\":457,\"height\":91,\"caption\":\"Pink Star\"},\"image\":{\"@id\":\"https:\\\/\\\/pinkstarnapoli.it\\\/#\\\/schema\\\/logo\\\/image\\\/\"}}]}<\/script>\n<!-- \/ Yoast SEO plugin. -->","yoast_head_json":{"title":"Perch\u00e9 Pink Star - Pink Star","robots":{"index":"index","follow":"follow","max-snippet":"max-snippet:-1","max-image-preview":"max-image-preview:large","max-video-preview":"max-video-preview:-1"},"canonical":"https:\/\/pinkstarnapoli.it\/en\/perche-pink-star\/","og_locale":"en_US","og_type":"article","og_title":"Perch\u00e9 Pink Star - Pink Star","og_description":"Perch\u00e9 Pink Star Pink Star \u00e8 un diamante rosa intenso, uno dei pi\u00f9 grandi e preziosi mai scoperti. \u00c8 stato estratto da una miniera in Africa nel 1999 e ha un peso di oltre 59 carati. La sua incredibile intensit\u00e0 di colore rosa lo rende un diamante estremamente raro e desiderabile. Tra le caratteristiche distintive ...","og_url":"https:\/\/pinkstarnapoli.it\/en\/perche-pink-star\/","og_site_name":"Pink Star","article_modified_time":"2026-04-09T14:48:25+00:00","og_image":[{"width":1200,"height":800,"url":"https:\/\/pinkstarnapoli.it\/wp-content\/uploads\/2024\/03\/Pink-Star-03952.jpg","type":"image\/jpeg"}],"twitter_card":"summary_large_image","twitter_misc":{"Est. reading time":"1 minute"},"schema":{"@context":"https:\/\/schema.org","@graph":[{"@type":"WebPage","@id":"https:\/\/pinkstarnapoli.it\/perche-pink-star\/","url":"https:\/\/pinkstarnapoli.it\/perche-pink-star\/","name":"Perch\u00e9 Pink Star - Pink Star","isPartOf":{"@id":"https:\/\/pinkstarnapoli.it\/#website"},"datePublished":"2024-04-01T10:06:05+00:00","dateModified":"2026-04-09T14:48:25+00:00","breadcrumb":{"@id":"https:\/\/pinkstarnapoli.it\/perche-pink-star\/#breadcrumb"},"inLanguage":"en-US","potentialAction":[{"@type":"ReadAction","target":["https:\/\/pinkstarnapoli.it\/perche-pink-star\/"]}]},{"@type":"BreadcrumbList","@id":"https:\/\/pinkstarnapoli.it\/perche-pink-star\/#breadcrumb","itemListElement":[{"@type":"ListItem","position":1,"name":"Home","item":"https:\/\/pinkstarnapoli.it\/"},{"@type":"ListItem","position":2,"name":"Perch\u00e9 Pink Star"}]},{"@type":"WebSite","@id":"https:\/\/pinkstarnapoli.it\/#website","url":"https:\/\/pinkstarnapoli.it\/","name":"Pink Star","description":"Pink Star Luxury Apartment Napoli Chiaia","publisher":{"@id":"https:\/\/pinkstarnapoli.it\/#organization"},"potentialAction":[{"@type":"SearchAction","target":{"@type":"EntryPoint","urlTemplate":"https:\/\/pinkstarnapoli.it\/?s={search_term_string}"},"query-input":{"@type":"PropertyValueSpecification","valueRequired":true,"valueName":"search_term_string"}}],"inLanguage":"en-US"},{"@type":"Organization","@id":"https:\/\/pinkstarnapoli.it\/#organization","name":"Pink Star","url":"https:\/\/pinkstarnapoli.it\/","logo":{"@type":"ImageObject","inLanguage":"en-US","@id":"https:\/\/pinkstarnapoli.it\/#\/schema\/logo\/image\/","url":"https:\/\/pinkstarnapoli.it\/wp-content\/uploads\/2023\/04\/logo-3.png","contentUrl":"https:\/\/pinkstarnapoli.it\/wp-content\/uploads\/2023\/04\/logo-3.png","width":457,"height":91,"caption":"Pink Star"},"image":{"@id":"https:\/\/pinkstarnapoli.it\/#\/schema\/logo\/image\/"}}]}},"_links":{"self":[{"href":"https:\/\/pinkstarnapoli.it\/en\/wp-json\/wp\/v2\/pages\/2745","targetHints":{"allow":["GET"]}}],"collection":[{"href":"https:\/\/pinkstarnapoli.it\/en\/wp-json\/wp\/v2\/pages"}],"about":[{"href":"https:\/\/pinkstarnapoli.it\/en\/wp-json\/wp\/v2\/types\/page"}],"author":[{"embeddable":true,"href":"https:\/\/pinkstarnapoli.it\/en\/wp-json\/wp\/v2\/users\/1"}],"replies":[{"embeddable":true,"href":"https:\/\/pinkstarnapoli.it\/en\/wp-json\/wp\/v2\/comments?post=2745"}],"version-history":[{"count":41,"href":"https:\/\/pinkstarnapoli.it\/en\/wp-json\/wp\/v2\/pages\/2745\/revisions"}],"predecessor-version":[{"id":3999,"href":"https:\/\/pinkstarnapoli.it\/en\/wp-json\/wp\/v2\/pages\/2745\/revisions\/3999"}],"wp:attachment":[{"href":"https:\/\/pinkstarnapoli.it\/en\/wp-json\/wp\/v2\/media?parent=2745"}],"curies":[{"name":"wp","href":"https:\/\/api.w.org\/{rel}","templated":true}]}}